{"id":24,"date":"2025-01-17T16:48:18","date_gmt":"2025-01-17T16:48:18","guid":{"rendered":"https:\/\/rediseno.ceyma.com.mx\/?page_id=24"},"modified":"2025-01-22T16:54:09","modified_gmt":"2025-01-22T16:54:09","slug":"nosotros","status":"publish","type":"page","link":"https:\/\/ceyma.com.mx\/index.php\/nosotros\/","title":{"rendered":"Nosotros"},"content":{"rendered":"<p>[et_pb_section fb_built=\u00bb1&#8243; custom_padding_last_edited=\u00bbon|phone\u00bb _builder_version=\u00bb4.27.4&#8243; _module_preset=\u00bbdefault\u00bb use_background_color_gradient=\u00bbon\u00bb background_color_gradient_type=\u00bbcircular\u00bb background_color_gradient_direction_radial=\u00bbtop left\u00bb background_color_gradient_stops=\u00bbrgba(26,26,26,0.5) 50%|rgba(26,26,26,0.3) 100%\u00bb background_color_gradient_overlays_image=\u00bbon\u00bb background_image=\u00bbhttps:\/\/ceyma.com.mx\/wp-content\/uploads\/2025\/01\/f-nosotros.png\u00bb parallax=\u00bbon\u00bb parallax_method=\u00bboff\u00bb custom_margin=\u00bb-20px||||false|false\u00bb custom_margin_tablet=\u00bb0px||0px||true|false\u00bb custom_margin_phone=\u00bb0px||||false|false\u00bb custom_margin_last_edited=\u00bbon|phone\u00bb custom_padding=\u00bb5%||4%||false|false\u00bb custom_padding_tablet=\u00bb6%||4%||false|false\u00bb custom_padding_phone=\u00bb||0%||false|false\u00bb locked=\u00bboff\u00bb global_colors_info=\u00bb{}\u00bb][et_pb_row _builder_version=\u00bb4.27.4&#8243; _module_preset=\u00bbdefault\u00bb locked=\u00bboff\u00bb global_colors_info=\u00bb{}\u00bb][et_pb_column type=\u00bb4_4&#8243; _builder_version=\u00bb4.27.4&#8243; _module_preset=\u00bbdefault\u00bb global_colors_info=\u00bb{}\u00bb][dsm_icon_list image_max_width=\u00bb16px\u00bb image_max_width_tablet=\u00bb16px\u00bb image_max_width_phone=\u00bb15px\u00bb image_max_width_last_edited=\u00bbon|phone\u00bb _builder_version=\u00bb4.27.4&#8243; _module_preset=\u00bbdefault\u00bb text_font=\u00bbPoppins|500|||||||\u00bb text_text_color=\u00bb#FFFFFF\u00bb text_font_size=\u00bb15px\u00bb text_letter_spacing=\u00bb5px\u00bb text_line_height=\u00bb1.4em\u00bb custom_margin=\u00bb||1%||false|false\u00bb custom_margin_tablet=\u00bb||2%||false|false\u00bb custom_margin_phone=\u00bb||3%||false|false\u00bb custom_margin_last_edited=\u00bbon|phone\u00bb animation_style=\u00bbslide\u00bb animation_direction=\u00bbtop\u00bb animation_duration=\u00bb1200ms\u00bb animation_delay=\u00bb500ms\u00bb animation_intensity_slide=\u00bb25%\u00bb text_font_size_tablet=\u00bb15px\u00bb text_font_size_phone=\u00bb14px\u00bb text_font_size_last_edited=\u00bbon|phone\u00bb global_colors_info=\u00bb{}\u00bb][dsm_icon_list_child text=\u00bbCEYMA\u00bb use_icon=\u00bboff\u00bb image=\u00bbhttps:\/\/ceyma.com.mx\/wp-content\/uploads\/2025\/01\/CEYMA-VECTOR-removebg-preview.png\u00bb _builder_version=\u00bb4.27.4&#8243; _module_preset=\u00bbdefault\u00bb global_colors_info=\u00bb{}\u00bb][\/dsm_icon_list_child][\/dsm_icon_list][et_pb_text _builder_version=\u00bb4.27.4&#8243; _module_preset=\u00bbdefault\u00bb text_font=\u00bbPoppins|600|||||||\u00bb text_text_color=\u00bb#FFFFFF\u00bb header_font=\u00bbPoppins|600|||||||\u00bb header_text_color=\u00bb#FFFFFF\u00bb header_font_size=\u00bb45px\u00bb header_line_height=\u00bb1.4em\u00bb max_width_tablet=\u00bb100%\u00bb max_width_phone=\u00bb100%\u00bb max_width_last_edited=\u00bbon|phone\u00bb custom_margin=\u00bb||2%||false|false\u00bb custom_margin_tablet=\u00bb||2%||false|false\u00bb custom_margin_phone=\u00bb||2%||false|false\u00bb custom_margin_last_edited=\u00bbon|phone\u00bb custom_padding=\u00bb||1%||false|false\u00bb animation_style=\u00bbslide\u00bb animation_direction=\u00bbright\u00bb animation_duration=\u00bb1200ms\u00bb animation_delay=\u00bb700ms\u00bb animation_intensity_slide=\u00bb5%\u00bb header_font_size_tablet=\u00bb45px\u00bb header_font_size_phone=\u00bb30px\u00bb header_font_size_last_edited=\u00bbon|phone\u00bb border_width_bottom=\u00bb1px\u00bb border_color_bottom=\u00bbrgba(255,255,255,0.5)\u00bb global_colors_info=\u00bb{}\u00bb]<\/p>\n<div class=\"flex max-w-full flex-col flex-grow\" bis_skin_checked=\"1\">\n<div data-message-author-role=\"assistant\" data-message-id=\"906f6aa6-26e8-4062-882f-6fce964440b5\" dir=\"auto\" class=\"min-h-8 text-message flex w-full flex-col items-end gap-2 whitespace-normal break-words text-start [.text-message+&amp;]:mt-5\" bis_skin_checked=\"1\" data-message-model-slug=\"gpt-4o\">\n<div class=\"flex w-full flex-col gap-1 empty:hidden first:pt-[3px]\" bis_skin_checked=\"1\">\n<div class=\"markdown prose w-full break-words dark:prose-invert dark\" bis_skin_checked=\"1\">\n<h1>Acerca de Nosotros<span style=\"color: #f6a900;\">.<\/span><\/h1>\n<\/div>\n<\/div>\n<\/div>\n<\/div>\n<p>[\/et_pb_text][dipi_breadcrumbs bc_separator_icon=\u00bb&#xe02c;||divi||400&#8243; bc_separator_color=\u00bb#FFFFFF\u00bb _builder_version=\u00bb4.27.4&#8243; _module_preset=\u00bbdefault\u00bb items_font=\u00bbPoppins|500|||||||\u00bb items_text_color=\u00bbrgba(255,255,255,0.85)\u00bb hover_text_color=\u00bb#ffffff\u00bb active_text_color=\u00bb#F6A900&#8243; animation_style=\u00bbslide\u00bb animation_direction=\u00bbtop\u00bb animation_duration=\u00bb1200ms\u00bb animation_delay=\u00bb900ms\u00bb animation_intensity_slide=\u00bb25%\u00bb items_font_size_tablet=\u00bb\u00bb items_font_size_phone=\u00bb13px\u00bb items_font_size_last_edited=\u00bbon|phone\u00bb global_colors_info=\u00bb{}\u00bb][\/dipi_breadcrumbs][\/et_pb_column][\/et_pb_row][\/et_pb_section][et_pb_section fb_built=\u00bb1&#8243; _builder_version=\u00bb4.27.4&#8243; _module_preset=\u00bbdefault\u00bb use_background_color_gradient=\u00bbon\u00bb background_color_gradient_direction=\u00bb45deg\u00bb background_color_gradient_stops=\u00bbrgba(255,255,255,0) 97%|#f6a900 97%\u00bb global_colors_info=\u00bb{}\u00bb][et_pb_row column_structure=\u00bb2_5,3_5&#8243; use_custom_gutter=\u00bbon\u00bb gutter_width=\u00bb3&#8243; make_equal=\u00bbon\u00bb _builder_version=\u00bb4.27.4&#8243; _module_preset=\u00bbdefault\u00bb custom_padding=\u00bb0px||0px||true|false\u00bb global_colors_info=\u00bb{}\u00bb][et_pb_column type=\u00bb2_5&#8243; _builder_version=\u00bb4.27.4&#8243; _module_preset=\u00bbdefault\u00bb custom_css_main_element=\u00bbmargin: auto;\u00bb global_colors_info=\u00bb{}\u00bb][et_pb_image src=\u00bbhttps:\/\/ceyma.com.mx\/wp-content\/uploads\/2025\/01\/Copia-de-nosotross-CEYMA.png\u00bb _builder_version=\u00bb4.27.4&#8243; _module_preset=\u00bbdefault\u00bb custom_margin_tablet=\u00bb||6%||false|false\u00bb custom_margin_phone=\u00bb||10%||false|false\u00bb custom_margin_last_edited=\u00bbon|phone\u00bb animation_style=\u00bbfade\u00bb animation_duration=\u00bb1200ms\u00bb global_colors_info=\u00bb{}\u00bb][\/et_pb_image][\/et_pb_column][et_pb_column type=\u00bb3_5&#8243; _builder_version=\u00bb4.27.4&#8243; _module_preset=\u00bbdefault\u00bb custom_css_main_element=\u00bbmargin: auto;\u00bb global_colors_info=\u00bb{}\u00bb][dsm_icon_list image_max_width=\u00bb16px\u00bb image_max_width_tablet=\u00bb16px\u00bb image_max_width_phone=\u00bb15px\u00bb image_max_width_last_edited=\u00bbon|phone\u00bb _builder_version=\u00bb4.27.4&#8243; _module_preset=\u00bbdefault\u00bb text_font=\u00bbPoppins|500|||||||\u00bb text_text_color=\u00bb#1A1A1A\u00bb text_font_size=\u00bb15px\u00bb text_line_height=\u00bb1.4em\u00bb custom_margin=\u00bb||3%||false|false\u00bb custom_margin_tablet=\u00bb||2%||false|false\u00bb custom_margin_phone=\u00bb||3%||false|false\u00bb custom_margin_last_edited=\u00bbon|phone\u00bb animation_style=\u00bbslide\u00bb animation_direction=\u00bbright\u00bb animation_duration=\u00bb1200ms\u00bb animation_delay=\u00bb500ms\u00bb animation_intensity_slide=\u00bb10%\u00bb text_font_size_tablet=\u00bb15px\u00bb text_font_size_phone=\u00bb14px\u00bb text_font_size_last_edited=\u00bbon|phone\u00bb locked=\u00bboff\u00bb global_colors_info=\u00bb{}\u00bb][dsm_icon_list_child text=\u00bbCONOCE CEYMA\u00bb use_icon=\u00bboff\u00bb image=\u00bbhttps:\/\/ceyma.com.mx\/wp-content\/uploads\/2025\/01\/CEYMA-VECTOR-removebg-preview.png\u00bb _builder_version=\u00bb4.27.4&#8243; _module_preset=\u00bbdefault\u00bb text_letter_spacing=\u00bb1px\u00bb global_colors_info=\u00bb{}\u00bb][\/dsm_icon_list_child][\/dsm_icon_list][et_pb_text _builder_version=\u00bb4.27.4&#8243; _module_preset=\u00bbdefault\u00bb text_text_color=\u00bb#000000&#8243; header_font=\u00bbPoppins|600|||||||\u00bb header_font_size=\u00bb32px\u00bb custom_margin=\u00bb||2%||false|false\u00bb animation_style=\u00bbslide\u00bb animation_direction=\u00bbright\u00bb animation_duration=\u00bb1200ms\u00bb animation_delay=\u00bb700ms\u00bb animation_intensity_slide=\u00bb10%\u00bb animation_speed_curve=\u00bbease\u00bb header_font_size_tablet=\u00bb32px\u00bb header_font_size_phone=\u00bb22px\u00bb header_font_size_last_edited=\u00bbon|phone\u00bb locked=\u00bboff\u00bb global_colors_info=\u00bb{}\u00bb]<\/p>\n<h1><span style=\"color: #f6a900;\">\u00bf<\/span>Qui\u00e9nes Somos<span style=\"color: #f6a900;\">?<\/span><\/h1>\n<p>[\/et_pb_text][et_pb_divider color=\u00bb#F6A900&#8243; divider_weight=\u00bb2px\u00bb _builder_version=\u00bb4.27.4&#8243; _module_preset=\u00bbdefault\u00bb width=\u00bb10%\u00bb width_tablet=\u00bb15%\u00bb width_phone=\u00bb15%\u00bb width_last_edited=\u00bbon|desktop\u00bb custom_margin=\u00bb||0%||false|false\u00bb custom_margin_tablet=\u00bb||0%||false|false\u00bb custom_margin_phone=\u00bb||-2%||false|false\u00bb custom_margin_last_edited=\u00bbon|phone\u00bb animation_style=\u00bbbounce\u00bb animation_duration=\u00bb1200ms\u00bb animation_delay=\u00bb900ms\u00bb locked=\u00bboff\u00bb global_colors_info=\u00bb{}\u00bb][\/et_pb_divider][et_pb_text _builder_version=\u00bb4.27.4&#8243; _module_preset=\u00bbdefault\u00bb text_text_color=\u00bb#333732&#8243; text_line_height=\u00bb1.8em\u00bb custom_margin=\u00bb||3%||false|false\u00bb animation_style=\u00bbslide\u00bb animation_direction=\u00bbbottom\u00bb animation_duration=\u00bb1200ms\u00bb animation_delay=\u00bb1100ms\u00bb animation_intensity_slide=\u00bb10%\u00bb text_font_size_tablet=\u00bb\u00bb text_font_size_phone=\u00bb13px\u00bb text_font_size_last_edited=\u00bbon|phone\u00bb global_colors_info=\u00bb{}\u00bb]<\/p>\n<p><strong>CEYMA<\/strong> es una empresa con sede en Monterrey, Nuevo Le\u00f3n, con m\u00e1s de 10 a\u00f1os de experiencia en el sector. Nos especializamos en brindar servicios integrales de mantenimiento y gesti\u00f3n de instalaciones el\u00e9ctricas, asegurando la m\u00e1xima eficiencia y seguridad en cada proyecto. Contamos con un equipo de profesionales altamente capacitados y comprometidos, que trabajan con tecnolog\u00eda de vanguardia para garantizar resultados excepcionales. Nuestro enfoque est\u00e1 orientado a ofrecer soluciones personalizadas que superen las expectativas de nuestros clientes, consolid\u00e1ndonos como un referente en el sector el\u00e9ctrico.<\/p>\n<p>[\/et_pb_text][dsm_icon_list list_alignment=\u00bbflex-end\u00bb list_direction=\u00bbrtl\u00bb image_max_width=\u00bb16px\u00bb image_max_width_tablet=\u00bb16px\u00bb image_max_width_phone=\u00bb15px\u00bb image_max_width_last_edited=\u00bbon|phone\u00bb _builder_version=\u00bb4.27.4&#8243; _module_preset=\u00bbdefault\u00bb text_font=\u00bbPoppins|500|||||||\u00bb text_text_color=\u00bb#1A1A1A\u00bb text_font_size=\u00bb15px\u00bb text_line_height=\u00bb1.4em\u00bb custom_margin=\u00bb||2%||false|false\u00bb custom_margin_tablet=\u00bb||0%||false|false\u00bb custom_margin_phone=\u00bb||5%||false|false\u00bb custom_margin_last_edited=\u00bbon|tablet\u00bb animation_style=\u00bbslide\u00bb animation_direction=\u00bbtop\u00bb animation_duration=\u00bb1200ms\u00bb animation_delay=\u00bb1300ms\u00bb animation_intensity_slide=\u00bb25%\u00bb text_font_size_tablet=\u00bb15px\u00bb text_font_size_phone=\u00bb14px\u00bb text_font_size_last_edited=\u00bbon|phone\u00bb locked=\u00bboff\u00bb global_colors_info=\u00bb{}\u00bb][dsm_icon_list_child text=\u00bbNuestros Clientes\u00bb font_icon=\u00bb&#x27;||divi||400&#8243; icon_color=\u00bb#F0C030&#8243; _builder_version=\u00bb4.27.4&#8243; _module_preset=\u00bbdefault\u00bb text_letter_spacing=\u00bb1px\u00bb global_colors_info=\u00bb{}\u00bb][\/dsm_icon_list_child][\/dsm_icon_list][dipi_carousel space_between=\u00bb50&#8243; container_padding=\u00bb0px|0px|0px|0px|true|true\u00bb speed=\u00bb2000&#8243; continues_wide=\u00bbon\u00bb autoplay_speed_wide=\u00bb5000&#8243; loop_mid=\u00bboff\u00bb autoplay_mid=\u00bboff\u00bb continues_mid=\u00bbon\u00bb loop_small=\u00bbon\u00bb autoplay_small=\u00bbon\u00bb continues_small=\u00bbon\u00bb show_lightbox=\u00bboff\u00bb dynamic_bullets=\u00bboff\u00bb use_thumbnail_height=\u00bbon\u00bb thumbnail_height=\u00bb90px\u00bb thumbnail_fit=\u00bbscale-down\u00bb columns_tablet=\u00bb4&#8243; columns_phone=\u00bb2&#8243; columns_last_edited=\u00bbon|phone\u00bb space_between_tablet=\u00bb50&#8243; space_between_phone=\u00bb10&#8243; space_between_last_edited=\u00bbon|tablet\u00bb thumbnail_height_tablet=\u00bb90px\u00bb thumbnail_height_phone=\u00bb50px\u00bb thumbnail_height_last_edited=\u00bbon|phone\u00bb _builder_version=\u00bb4.27.4&#8243; _module_preset=\u00bbdefault\u00bb custom_margin=\u00bb0px||0px||true|false\u00bb custom_padding=\u00bb0px||0px||true|false\u00bb animation_style=\u00bbfade\u00bb animation_direction=\u00bbtop\u00bb animation_duration=\u00bb1200ms\u00bb animation_delay=\u00bb1500ms\u00bb hover_enabled=\u00bb0&#8243; locked=\u00bboff\u00bb global_colors_info=\u00bb{}\u00bb sticky_enabled=\u00bb0&#8243;][dipi_carousel_child label=\u00bbmarinela\u00bb img_src=\u00bbhttps:\/\/ceyma.com.mx\/wp-content\/uploads\/2025\/01\/marinela.png\u00bb _builder_version=\u00bb4.27.4&#8243; _module_preset=\u00bbdefault\u00bb global_colors_info=\u00bb{}\u00bb][\/dipi_carousel_child][dipi_carousel_child label=\u00bbcpa\u00bb img_src=\u00bbhttps:\/\/ceyma.com.mx\/wp-content\/uploads\/2025\/01\/image-removebg-preview-2.png\u00bb _builder_version=\u00bb4.27.4&#8243; _module_preset=\u00bbdefault\u00bb hover_enabled=\u00bb0&#8243; global_colors_info=\u00bb{}\u00bb sticky_enabled=\u00bb0&#8243;][\/dipi_carousel_child][dipi_carousel_child label=\u00bbsanissimo\u00bb img_src=\u00bbhttps:\/\/ceyma.com.mx\/wp-content\/uploads\/2025\/01\/logosanissimo_2.png\u00bb _builder_version=\u00bb4.27.4&#8243; _module_preset=\u00bbdefault\u00bb global_colors_info=\u00bb{}\u00bb][\/dipi_carousel_child][dipi_carousel_child label=\u00bbg. bimbo\u00bb img_src=\u00bbhttps:\/\/ceyma.com.mx\/wp-content\/uploads\/2025\/01\/bimbo.png\u00bb _builder_version=\u00bb4.27.4&#8243; _module_preset=\u00bbdefault\u00bb hover_enabled=\u00bb0&#8243; global_colors_info=\u00bb{}\u00bb sticky_enabled=\u00bb0&#8243;][\/dipi_carousel_child][\/dipi_carousel][\/et_pb_column][\/et_pb_row][\/et_pb_section]<\/p>\n","protected":false},"excerpt":{"rendered":"<p><div class=\"et_pb_module dsm_icon_list dsm_icon_list_0 et_animated\">\n\t\t\t\t\n\t\t\t\t\n\t\t\t\t\n\t\t\t\t\n\t\t\t\t\n\t\t\t\t\n\t\t\t\t<div class=\"et_pb_module_inner\">\n\t\t\t\t\t<ul class=\"dsm_icon_list_items dsm_icon_list_ltr_direction dsm_icon_list_layout_vertical\"><li class=\"dsm_icon_list_child dsm_icon_list_child_0\">\n\t\t\t\t\n\t\t\t\t\n\t\t\t\t\n\t\t\t\t\n\t\t\t\t<span class=\"dsm_icon_list_wrapper\"><span class=\"dsm_icon_list_image\"><img decoding=\"async\" src=\"https:\/\/ceyma.com.mx\/wp-content\/uploads\/2025\/01\/CEYMA-VECTOR-removebg-preview.png\" alt=\"\" \/><\/span><\/span><span class=\"dsm_icon_list_text\">CEYMA<\/span>\n\t\t\t<\/li><\/ul>\n\t\t\t\t<\/div>\n\t\t\t<\/div> Acerca de Nosotros. <div class=\"et_pb_module dipi_breadcrumbs dipi_breadcrumbs_0 et_animated\">\n\t\t\t\t\n\t\t\t\t\n\t\t\t\t\n\t\t\t\t\n\t\t\t\t\n\t\t\t\t\n\t\t\t\t<div class=\"et_pb_module_inner\">\n\t\t\t\t\t<div class=\"dipi-breadcrumbs dipi-bc-left\">\n                <ul >\n                    \n                                                        <li  class=\"dipi-breadcrumb-item dipi-breadcrumb-home\">\n\n                                                    <a  href=\"https:\/\/ceyma.com.mx\">\n                                <span  content=\"Home\">\n                                                                        CEYMA                                <\/span>\n                            <\/a>\n\n                                                <meta itemprop=\"position\" content=\"1\"\/>                    <\/li>\n\n                    <li class=\"dipi-breadcrumb-separator\">\n                    <span class=\"et-pb-icon dipi-separator-icon\">&#xe02c;<\/span>\n                <\/li>                            \n                <\/ul>\n            <\/div>\n\t\t\t\t<\/div>\n\t\t\t<\/div><div class=\"et_pb_module dsm_icon_list dsm_icon_list_1\">\n\t\t\t\t\n\t\t\t\t\n\t\t\t\t\n\t\t\t\t\n\t\t\t\t\n\t\t\t\t\n\t\t\t\t<div class=\"et_pb_module_inner\">\n\t\t\t\t\t<ul class=\"dsm_icon_list_items dsm_icon_list_ltr_direction dsm_icon_list_layout_vertical\"><\/ul>\n\t\t\t\t<\/div>\n\t\t\t<\/div><\/p>\n","protected":false},"author":1,"featured_media":0,"parent":0,"menu_order":0,"comment_status":"closed","ping_status":"closed","template":"","meta":{"_et_pb_use_builder":"on","_et_pb_old_content":"","_et_gb_content_width":"","_joinchat":[],"footnotes":""},"dipi_cpt_category":[],"class_list":["post-24","page","type-page","status-publish","hentry"],"_links":{"self":[{"href":"https:\/\/ceyma.com.mx\/index.php\/wp-json\/wp\/v2\/pages\/24","targetHints":{"allow":["GET"]}}],"collection":[{"href":"https:\/\/ceyma.com.mx\/index.php\/wp-json\/wp\/v2\/pages"}],"about":[{"href":"https:\/\/ceyma.com.mx\/index.php\/wp-json\/wp\/v2\/types\/page"}],"author":[{"embeddable":true,"href":"https:\/\/ceyma.com.mx\/index.php\/wp-json\/wp\/v2\/users\/1"}],"replies":[{"embeddable":true,"href":"https:\/\/ceyma.com.mx\/index.php\/wp-json\/wp\/v2\/comments?post=24"}],"version-history":[{"count":7,"href":"https:\/\/ceyma.com.mx\/index.php\/wp-json\/wp\/v2\/pages\/24\/revisions"}],"predecessor-version":[{"id":126,"href":"https:\/\/ceyma.com.mx\/index.php\/wp-json\/wp\/v2\/pages\/24\/revisions\/126"}],"wp:attachment":[{"href":"https:\/\/ceyma.com.mx\/index.php\/wp-json\/wp\/v2\/media?parent=24"}],"wp:term":[{"taxonomy":"dipi_cpt_category","embeddable":true,"href":"https:\/\/ceyma.com.mx\/index.php\/wp-json\/wp\/v2\/dipi_cpt_category?post=24"}],"curies":[{"name":"wp","href":"https:\/\/api.w.org\/{rel}","templated":true}]}}